{"id":100,"date":"2020-08-21T11:34:41","date_gmt":"2020-08-21T09:34:41","guid":{"rendered":"http:\/\/147.232.12.50:8008\/?page_id=100"},"modified":"2020-08-21T11:34:41","modified_gmt":"2020-08-21T09:34:41","slug":"publications","status":"publish","type":"page","link":"https:\/\/cielab.ekf.tuke.sk\/?page_id=100","title":{"rendered":"Publications"},"content":{"rendered":"\n<p class=\"has-large-font-size\">Journal Papers<\/p>\n\n\n\n<ul class=\"wp-block-list\"><li>Bug\u00e1r, G., Volo\u0161in, M., Maksymyuk, T., Zausinov\u00e1, J., Gazda, V., Horv\u00e1th, D., &amp; Gazda, J. (2020). Techno-economic framework for dynamic operator selection in a multi-tier heterogeneous network. Ad Hoc Networks, 97, 102007. <a href=\"https:\/\/doi.org\/10.1016\/j.adhoc.2019.102007\" data-type=\"URL\" data-id=\"https:\/\/doi.org\/10.1016\/j.adhoc.2019.102007\">Link<\/a><br><\/li><li>Gazda, J., Bug\u00e1r, G., Volo\u0161in, M., Drot\u00e1r, P., Horv\u00e1th, D., &amp; Gazda, V. (2017). Dynamic spectrum leasing and retail pricing using an experimental economy. Computer Networks, 121, 173\u2013184. <a href=\"https:\/\/doi.org\/10.1016\/j.comnet.2017.04.040\" data-type=\"URL\" data-id=\"https:\/\/doi.org\/10.1016\/j.comnet.2017.04.040\">Link<\/a><br><\/li><li>Gazda, J., T\u00f3th, P., Zausinov\u00e1, J., Volo\u0161in, M., &amp; Gazda, V. (2018). On the Interdependence of the Financial Market and Open Access Spectrum Market in the 5G Network. Symmetry, 10(1), 12. <a href=\"https:\/\/doi.org\/10.3390\/sym10010012\" data-type=\"URL\" data-id=\"https:\/\/doi.org\/10.3390\/sym10010012\">Link<\/a><br><\/li><li>Ko\u013evekov\u00e1, G., Raisov\u00e1, M., Zori\u010dak, M., &amp; Gazda, V. (2021). Endogenous Shared Punishment Model in Threshold Public Goods Games. Computational Economics, 58(1), 57\u201381. <a href=\"https:\/\/doi.org\/10.1007\/s10614-020-10017-1\" data-type=\"URL\" data-id=\"https:\/\/doi.org\/10.1007\/s10614-020-10017-1\">Link<\/a><br><\/li><li>Zausinov\u00e1, J., Zori\u010dak, M., Volo\u0161in, M., &amp; Gazda, V. (2020). Aspects of complexity in citizen\u2013bureaucrat corruption: An agent-based simulation model. Journal of Economic Interaction and Coordination, 15(2), 527\u2013552. <a href=\"https:\/\/doi.org\/10.1007\/s11403-019-00240-x\" data-type=\"URL\" data-id=\"https:\/\/doi.org\/10.1007\/s11403-019-00240-x\">Link<\/a><br><\/li><li>Zori\u010d\u00e1k, M., Gnip, P., Drot\u00e1r, P., &amp; Gazda, V. (2020). Bankruptcy prediction for small- and medium-sized companies using severely imbalanced datasets. Economic Modelling, 84, 165\u2013176. <a href=\"https:\/\/doi.org\/10.1016\/j.econmod.2019.04.003\" data-type=\"URL\" data-id=\"https:\/\/doi.org\/10.1016\/j.econmod.2019.04.003\">Link<\/a><br><\/li><li>Zori\u010dak, M., Horv\u00e1th, D., Gazda, V., &amp; Hudec, O. (2021). Spatial evolution of industries modelled by cellular automata. Journal of Business Research, 129, 580\u2013588. <a href=\"https:\/\/doi.org\/10.1016\/j.jbusres.2019.12.043\" data-type=\"URL\" data-id=\"https:\/\/doi.org\/10.1016\/j.jbusres.2019.12.043\">Link<\/a><\/li><li>Malega, P., Rudy, V., Kan\u00e1sz, R., &amp; Gazda, V. (2020). Decentralized optimization of the flexible production lines. <em>Advances in Production Engineering &amp; Management<\/em>, <em>15<\/em>(3), 267-276. <a href=\"https:\/\/www.apem-journal.org\/Archives\/2020\/APEM15-3_267-276.pdf\" data-type=\"URL\" data-id=\"https:\/\/www.apem-journal.org\/Archives\/2020\/APEM15-3_267-276.pdf\">Link<\/a><\/li><\/ul>\n\n\n\n<p class=\"has-large-font-size\">Conference Papers<\/p>\n\n\n\n<ul class=\"wp-block-list\"><li>Drot\u00e1r, P., Gnip, P., Zori\u010dak, M., &amp; Gazda, V. (2018). Single-Class Bankruptcy Prediction Based on the Data from Annual Reports. In H. Yin, D. Camacho, P. Novais, &amp; A. J. Tall\u00f3n-Ballesteros (Eds.), <em>Intelligent Data Engineering and Automated Learning \u2013 IDEAL 2018<\/em> (pp. 344\u2013353). Springer International Publishing. <a href=\"https:\/\/doi.org\/10.1007\/978-3-030-03493-1_37\" data-type=\"URL\" data-id=\"https:\/\/doi.org\/10.1007\/978-3-030-03493-1_37\">Link<\/a><br><\/li><li>Toth, P., Volo\u0161in, M., Zori\u010dak, M., Zausinov\u00e1, J., &amp; Gazda, V. (2017). Frequency spectrum allocation in an agent-based model of real-time spectrum secondary market. <em>2017 IEEE 15th International Symposium on Applied Machine Intelligence and Informatics (SAMI)<\/em>, 000129\u2013000136. <a href=\"https:\/\/doi.org\/10.1109\/SAMI.2017.7880289\">Link<\/a><br><\/li><li>Volo\u0161in, M., Gazda, J., Drot\u00e1r, P., Bug\u00e1r, G., &amp; Gazda, V. (2017). Spatial Real-Time Price Competition in the Dynamic Spectrum Access Markets. In N. Criado Pacheco, C. Carrascosa, N. Osman, &amp; V. Juli\u00e1n Inglada (Eds.), <em>Multi-Agent Systems and Agreement Technologies<\/em> (pp. 217\u2013229). Springer International Publishing. <a href=\"https:\/\/doi.org\/10.1007\/978-3-319-59294-7_18\">Link<\/a><\/li><\/ul>\n","protected":false},"excerpt":{"rendered":"<p>Journal Papers Bug\u00e1r, G., Volo\u0161in, M., Maksymyuk, T., Zausinov\u00e1, J., Gazda, V., Horv\u00e1th, D., &amp; Gazda, J. (2020). Techno-economic framework for dynamic operator selection in a multi-tier heterogeneous network. Ad Hoc Networks, 97, 102007. Link Gazda, J., Bug\u00e1r, G., Volo\u0161in, M., Drot\u00e1r, P., Horv\u00e1th, D., &amp; Gazda, V. (2017). Dynamic spectrum leasing and retail pricing&hellip;&nbsp;<a href=\"https:\/\/cielab.ekf.tuke.sk\/?page_id=100\" rel=\"bookmark\">Read More &raquo;<span class=\"screen-reader-text\">Publications<\/span><\/a><\/p>\n","protected":false},"author":1,"featured_media":0,"parent":0,"menu_order":0,"comment_status":"closed","ping_status":"closed","template":"","meta":{"neve_meta_sidebar":"full-width","neve_meta_container":"","neve_meta_enable_content_width":"on","neve_meta_content_width":100,"neve_meta_title_alignment":"","neve_meta_author_avatar":"","neve_post_elements_order":"","neve_meta_disable_header":"","neve_meta_disable_footer":"","neve_meta_disable_title":"","footnotes":""},"class_list":["post-100","page","type-page","status-publish","hentry"],"jetpack_sharing_enabled":true,"_links":{"self":[{"href":"https:\/\/cielab.ekf.tuke.sk\/index.php?rest_route=\/wp\/v2\/pages\/100","targetHints":{"allow":["GET"]}}],"collection":[{"href":"https:\/\/cielab.ekf.tuke.sk\/index.php?rest_route=\/wp\/v2\/pages"}],"about":[{"href":"https:\/\/cielab.ekf.tuke.sk\/index.php?rest_route=\/wp\/v2\/types\/page"}],"author":[{"embeddable":true,"href":"https:\/\/cielab.ekf.tuke.sk\/index.php?rest_route=\/wp\/v2\/users\/1"}],"replies":[{"embeddable":true,"href":"https:\/\/cielab.ekf.tuke.sk\/index.php?rest_route=%2Fwp%2Fv2%2Fcomments&post=100"}],"version-history":[{"count":0,"href":"https:\/\/cielab.ekf.tuke.sk\/index.php?rest_route=\/wp\/v2\/pages\/100\/revisions"}],"wp:attachment":[{"href":"https:\/\/cielab.ekf.tuke.sk\/index.php?rest_route=%2Fwp%2Fv2%2Fmedia&parent=100"}],"curies":[{"name":"wp","href":"https:\/\/api.w.org\/{rel}","templated":true}]}}